{"id":3,"date":"2021-12-10T07:07:39","date_gmt":"2021-12-10T06:07:39","guid":{"rendered":"https:\/\/ksiazka.erot.pl\/?page_id=3"},"modified":"2021-12-16T07:34:27","modified_gmt":"2021-12-16T06:34:27","slug":"polityka-prywatnosci","status":"publish","type":"page","link":"https:\/\/sklep.erot.pl\/?page_id=3","title":{"rendered":"Polityka prywatno\u015bci"},"content":{"rendered":"<ol>\n<li>W\u0142a\u015bciciel Serwisu nie udost\u0119pnia nieuprawnionym osobom trzecim danych podawanych przez U\u017cytkownika oraz informacji jakie s\u0105 automatycznie zbierane, przetwarzane i zapisywane za pomoc\u0105 systemu informatycznego dzia\u0142aj\u0105cego w ramach Serwisu. Dane zbierane s\u0105 wy\u0142\u0105cznie w celu realizacji us\u0142ug (w tym w rozliczeniach z U\u017cytkownikiem).<\/li>\n<li>Informacje podawane przez U\u017cytkownika podczas rejestracji, m.in. adres e-mail, b\u0119d\u0105 wykorzystywane przez W\u0142a\u015bciciela Serwisu do komunikacji z U\u017cytkownikiem za pomoc\u0105 poczty elektronicznej, wy\u0142\u0105cznie w celu zapewnienia wysokiej jako\u015bci obs\u0142ugi.<\/li>\n<li>Ze wzgl\u0119d\u00f3w technicznych, a tak\u017ce po to aby poprawi\u0107 sprawno\u015b\u0107 korzystania z Serwisu wysy\u0142amy do komputera U\u017cytkownika co najmniej jeden plik cookie, czyli ma\u0142y plik tekstowy zawieraj\u0105cy ci\u0105g znak\u00f3w. Stosowanie plik\u00f3w cookies pozwala podnosi\u0107 jako\u015b\u0107 us\u0142ug dzi\u0119ki przechowywaniu preferencji u\u017cytkownik\u00f3w i \u015bledzeniu trend\u00f3w, takich jak na przyk\u0142ad sposoby wyszukiwania informacji. Serwis gromadzi te dane r\u00f3wnie\u017c w celu wy\u015bwietlania reklam w trakcie wizyty U\u017cytkownika na stronie Serwisu, gdy\u017c mog\u0105 one pos\u0142u\u017cy\u0107 jako wyznacznik do wy\u015bwietlania tylko tych reklam  towar\u00f3w i us\u0142ug, kt\u00f3re mog\u0142yby zainteresowa\u0107 okre\u015blonego U\u017cytkownika.<br \/>\nPlik cookie to niewielki plik tekstowy zawieraj\u0105cy dane zapisywane w momencie odwiedzenia strony internetowej przez U\u017cytkownika.<br \/>\n&#8222;Cookie&#8221; w \u017cadnym wypadku nie umo\u017cliwia identyfikacji osoby odwiedzaj\u0105cej witryn\u0119 i nie s\u0105 w nim zapisywane \u017cadne informacje, mog\u0105ce tak\u0105 identyfikacj\u0119 umo\u017cliwi\u0107. Zgodnie z art. 173 Ustawy z dnia 16 lipca 2004 roku Prawo telekomunikacyjne (Dz. U. Nr 171, poz. 1800) zapisywanie plik\u00f3w tekstowych na dysku komputera u\u017cytkownika witryny jest dozwolone, o ile u\u017cytkownik zostanie o tym poinformowany.<br \/>\nWarunkiem dzia\u0142ania cookies jest ich akceptacja przez przegl\u0105dark\u0119 (w ustawieniach przegl\u0105darki mo\u017cna wybra\u0107 opcj\u0119 odrzucania plik\u00f3w cookie) oraz nieusuwanie ich z dysku. Nieudost\u0119pnienie ich b\u0105d\u017a skasowanie mo\u017ce spowodowa\u0107 utrudnienia w korzystaniu z Serwisu lub te\u017c nieprawid\u0142owe jego dzia\u0142anie.<\/li>\n<\/ol>\n","protected":false},"excerpt":{"rendered":"<p>W\u0142a\u015bciciel Serwisu nie udost\u0119pnia nieuprawnionym osobom trzecim danych podawanych przez U\u017cytkownika oraz informacji jakie s\u0105 automatycznie zbierane, przetwarzane i zapisywane za pomoc\u0105 systemu informatycznego dzia\u0142aj\u0105cego w ramach Serwisu. Dane zbierane s\u0105 wy\u0142\u0105cznie w celu realizacji us\u0142ug (w tym w rozliczeniach z U\u017cytkownikiem). Informacje podawane przez U\u017cytkownika podczas rejestracji, m.in. adres e-mail, b\u0119d\u0105 wykorzystywane przez W\u0142a\u015bciciela&hellip;&nbsp;<a href=\"https:\/\/sklep.erot.pl\/?page_id=3\" class=\"\" rel=\"bookmark\">Czytaj dalej &raquo;<span class=\"screen-reader-text\">Polityka prywatno\u015bci<\/span><\/a><\/p>\n","protected":false},"author":1,"featured_media":0,"parent":0,"menu_order":0,"comment_status":"closed","ping_status":"open","template":"","meta":{"neve_meta_sidebar":"","neve_meta_container":"","neve_meta_enable_content_width":"","neve_meta_content_width":0,"neve_meta_title_alignment":"","neve_meta_author_avatar":"","neve_post_elements_order":"","neve_meta_disable_header":"","neve_meta_disable_footer":"","neve_meta_disable_title":"","footnotes":""},"class_list":["post-3","page","type-page","status-publish","hentry"],"_links":{"self":[{"href":"https:\/\/sklep.erot.pl\/index.php?rest_route=\/wp\/v2\/pages\/3","targetHints":{"allow":["GET"]}}],"collection":[{"href":"https:\/\/sklep.erot.pl\/index.php?rest_route=\/wp\/v2\/pages"}],"about":[{"href":"https:\/\/sklep.erot.pl\/index.php?rest_route=\/wp\/v2\/types\/page"}],"author":[{"embeddable":true,"href":"https:\/\/sklep.erot.pl\/index.php?rest_route=\/wp\/v2\/users\/1"}],"replies":[{"embeddable":true,"href":"https:\/\/sklep.erot.pl\/index.php?rest_route=%2Fwp%2Fv2%2Fcomments&post=3"}],"version-history":[{"count":1,"href":"https:\/\/sklep.erot.pl\/index.php?rest_route=\/wp\/v2\/pages\/3\/revisions"}],"predecessor-version":[{"id":38,"href":"https:\/\/sklep.erot.pl\/index.php?rest_route=\/wp\/v2\/pages\/3\/revisions\/38"}],"wp:attachment":[{"href":"https:\/\/sklep.erot.pl\/index.php?rest_route=%2Fwp%2Fv2%2Fmedia&parent=3"}],"curies":[{"name":"wp","href":"https:\/\/api.w.org\/{rel}","templated":true}]}}