{"id":14,"date":"2021-12-10T09:07:01","date_gmt":"2021-12-10T08:07:01","guid":{"rendered":"https:\/\/ksiazka.erot.pl\/?page_id=14"},"modified":"2021-12-10T10:32:46","modified_gmt":"2021-12-10T09:32:46","slug":"historie-filmowych-planow","status":"publish","type":"page","link":"https:\/\/sklep.erot.pl\/","title":{"rendered":""},"content":{"rendered":"<div class=\"woocommerce\">\t\t\t<div class=\"single-product\" data-product-page-preselected-id=\"0\">\n\t\t\t\t<div class=\"woocommerce-notices-wrapper\"><\/div><div id=\"product-11\" class=\"product type-product post-11 status-publish first instock product_cat-ksiazki has-post-thumbnail taxable shipping-taxable purchasable product-type-simple\">\n\n\t<div class=\"woocommerce-product-gallery woocommerce-product-gallery--with-images woocommerce-product-gallery--columns-4 images\" data-columns=\"4\" style=\"opacity: 0; transition: opacity .25s ease-in-out;\">\n\t<div class=\"woocommerce-product-gallery__wrapper\">\n\t\t<div data-thumb=\"https:\/\/sklep.erot.pl\/wp-content\/uploads\/2021\/12\/ksiazka_small-100x100.png\" data-thumb-alt=\"Ksi\u0105\u017cka &quot;Historie filmowych plan\u00f3w&quot;\" data-thumb-srcset=\"https:\/\/sklep.erot.pl\/wp-content\/uploads\/2021\/12\/ksiazka_small-100x100.png 100w, https:\/\/sklep.erot.pl\/wp-content\/uploads\/2021\/12\/ksiazka_small-150x150.png 150w, https:\/\/sklep.erot.pl\/wp-content\/uploads\/2021\/12\/ksiazka_small-300x300.png 300w\"  data-thumb-sizes=\"(max-width: 100px) 100vw, 100px\" class=\"woocommerce-product-gallery__image\"><a href=\"https:\/\/sklep.erot.pl\/wp-content\/uploads\/2021\/12\/ksiazka_small.png\"><img loading=\"lazy\" decoding=\"async\" width=\"396\" height=\"302\" src=\"https:\/\/sklep.erot.pl\/wp-content\/uploads\/2021\/12\/ksiazka_small.png\" class=\"wp-post-image\" alt=\"Ksi\u0105\u017cka &quot;Historie filmowych plan\u00f3w&quot;\" data-caption=\"\" data-src=\"https:\/\/sklep.erot.pl\/wp-content\/uploads\/2021\/12\/ksiazka_small.png\" data-large_image=\"https:\/\/sklep.erot.pl\/wp-content\/uploads\/2021\/12\/ksiazka_small.png\" data-large_image_width=\"396\" data-large_image_height=\"302\" srcset=\"https:\/\/sklep.erot.pl\/wp-content\/uploads\/2021\/12\/ksiazka_small.png 396w, https:\/\/sklep.erot.pl\/wp-content\/uploads\/2021\/12\/ksiazka_small-300x229.png 300w\" sizes=\"auto, (max-width: 396px) 100vw, 396px\" \/><\/a><\/div>\t<\/div>\n<\/div>\n\n\t<div class=\"summary entry-summary\">\n\t\t<h1 class=\"product_title entry-title\">Ksi\u0105\u017cka &#8222;Historie filmowych plan\u00f3w&#8221;<\/h1><p class=\"price\"><span class=\"woocommerce-Price-amount amount\"><bdi>29,99&nbsp;<span class=\"woocommerce-Price-currencySymbol\">&#122;&#322;<\/span><\/bdi><\/span><\/p>\n<p class=\"stock in-stock\">1820 w magazynie<\/p>\n\n\t\n\t<form class=\"cart\" action=\"\" method=\"post\" enctype='multipart\/form-data'>\n\t\t\n\t\t<div class=\"quantity\">\n\t\t<label class=\"screen-reader-text\" for=\"quantity_6a02cc73a6925\">ilo\u015b\u0107 Ksi\u0105\u017cka &quot;Historie filmowych plan\u00f3w&quot;<\/label>\n\t<input\n\t\ttype=\"number\"\n\t\t\t\tid=\"quantity_6a02cc73a6925\"\n\t\tclass=\"input-text qty text\"\n\t\tname=\"quantity\"\n\t\tvalue=\"1\"\n\t\taria-label=\"Ilo\u015b\u0107 produktu\"\n\t\t\t\tmin=\"1\"\n\t\t\t\t\tmax=\"1820\"\n\t\t\t\t\t\t\tstep=\"1\"\n\t\t\tplaceholder=\"\"\n\t\t\tinputmode=\"numeric\"\n\t\t\tautocomplete=\"off\"\n\t\t\t\/>\n\t<\/div>\n\n\t\t<button type=\"submit\" name=\"add-to-cart\" value=\"11\" class=\"single_add_to_cart_button button alt\">Dodaj do koszyka<\/button>\n\n\t\t\t<\/form>\n\n\t\n<div class=\"product_meta\">\n\n\t\n\t\n\t<span class=\"posted_in\">Kategoria: <a href=\"https:\/\/sklep.erot.pl\/?product_cat=ksiazki\" rel=\"tag\">Ksi\u0105\u017cki<\/a><\/span>\n\t\n\t\n<\/div>\n\t<\/div>\n\n\t\n\t<div class=\"woocommerce-tabs wc-tabs-wrapper\">\n\t\t<ul class=\"tabs wc-tabs\" role=\"tablist\">\n\t\t\t\t\t\t\t<li role=\"presentation\" class=\"description_tab\" id=\"tab-title-description\">\n\t\t\t\t\t<a href=\"#tab-description\" role=\"tab\" aria-controls=\"tab-description\">\n\t\t\t\t\t\tOpis\t\t\t\t\t<\/a>\n\t\t\t\t<\/li>\n\t\t\t\t\t\t\t<li role=\"presentation\" class=\"reviews_tab\" id=\"tab-title-reviews\">\n\t\t\t\t\t<a href=\"#tab-reviews\" role=\"tab\" aria-controls=\"tab-reviews\">\n\t\t\t\t\t\tOpinie (0)\t\t\t\t\t<\/a>\n\t\t\t\t<\/li>\n\t\t\t\t\t<\/ul>\n\t\t\t\t\t<div class=\"woocommerce-Tabs-panel woocommerce-Tabs-panel--description panel entry-content wc-tab\" id=\"tab-description\" role=\"tabpanel\" aria-labelledby=\"tab-title-description\">\n\t\t\t\t\n\t<h2>Opis<\/h2>\n\n<p>Legendarny pionier polskiego porno &#8211; Rafa\u0142 z podrywacze.pl wspomina historie filmowych plan\u00f3w. Poznaj kulisy powstawania pierwszych odcink\u00f3w podrywaczy. Ponad 80 stron wspomnie\u0144, anegdot i przyg\u00f3d Rafa\u0142a i jego ekipy.<\/p>\n<blockquote><p>Film \u201eTancerz\u201d przer\u00f3s\u0142 moje najwi\u0119ksze oczekiwania. Pozna\u0142em bardzo fajnego i mi\u0142ego modela, kt\u00f3ry \u015bwiadczy\u0142 prywatnie us\u0142ugi ta\u0144czenia na wieczorach panie\u0144skich i\u00a0 kawalerskich. Dzi\u0119ki reklamie w internecie pozna\u0142em go. Zadzwoni\u0142em z pytaniem, czy by nie chcia\u0142 zagra\u0107 w filmie porno. Zgodzi\u0142 si\u0119 bez problemu. Praca z nim to by\u0142a istna dawka pozytywnej energii i niesamowitych emocji, a zarazem \u015bmiechu i zabawy. Tancerz opr\u00f3cz seksu podrzuca\u0142 m\u0119sko\u015bci\u0105 desk\u0119 klozetowa, wali\u0142 tym samym elementem o blat umywalki w kuchni. Ponadto s\u0142ucha\u0142 sobie mp3 playera, podczas zadowalania modelki (\u0142adna, ze sporym kszta\u0142tnym biustem), a nawet w pewnym momencie w\u0142o\u017cy\u0142 sobie zapalon\u0105 \u015bwieczk\u0119 do pupska. Swojego!<\/p><\/blockquote>\n<p>T\u0119 i inne historie z filmowych plan\u00f3w znajdziesz w ksi\u0105\u017cce Rafa\u0142a<\/p>\n\t\t\t<\/div>\n\t\t\t\t\t<div class=\"woocommerce-Tabs-panel woocommerce-Tabs-panel--reviews panel entry-content wc-tab\" id=\"tab-reviews\" role=\"tabpanel\" aria-labelledby=\"tab-title-reviews\">\n\t\t\t\t<div id=\"reviews\" class=\"woocommerce-Reviews\">\n\t<div id=\"comments\">\n\t\t<h2 class=\"woocommerce-Reviews-title\">\n\t\t\tOpinie\t\t<\/h2>\n\n\t\t\t\t\t<p class=\"woocommerce-noreviews\">Na razie nie ma opinii o produkcie.<\/p>\n\t\t\t<\/div>\n\n\t\t\t<div id=\"review_form_wrapper\">\n\t\t\t<div id=\"review_form\">\n\t\t\t\t\t<div id=\"respond\" class=\"comment-respond\">\n\t\t<span id=\"reply-title\" class=\"comment-reply-title\" role=\"heading\" aria-level=\"3\">Napisz pierwsz\u0105 opini\u0119 o &bdquo;Ksi\u0105\u017cka &#8222;Historie filmowych plan\u00f3w&#8221;&rdquo; <small><a rel=\"nofollow\" id=\"cancel-comment-reply-link\" href=\"\/index.php?rest_route=%2Fwp%2Fv2%2Fpages%2F14#respond\" style=\"display:none;\">Anuluj pisanie odpowiedzi<\/a><\/small><\/span><form action=\"https:\/\/sklep.erot.pl\/wp-comments-post.php\" method=\"post\" id=\"commentform\" class=\"comment-form\"><p class=\"comment-notes\"><span id=\"email-notes\">Tw\u00f3j adres e-mail nie zostanie opublikowany.<\/span> <span class=\"required-field-message\">Wymagane pola s\u0105 oznaczone <span class=\"required\">*<\/span><\/span><\/p><div class=\"comment-form-rating\"><label for=\"rating\" id=\"comment-form-rating-label\">Twoja ocena&nbsp;<span class=\"required\">*<\/span><\/label><select name=\"rating\" id=\"rating\" required>\n\t\t\t\t\t\t<option value=\"\">Oce\u0144&hellip;<\/option>\n\t\t\t\t\t\t<option value=\"5\">Idealne<\/option>\n\t\t\t\t\t\t<option value=\"4\">Dobre<\/option>\n\t\t\t\t\t\t<option value=\"3\">\u015arednio<\/option>\n\t\t\t\t\t\t<option value=\"2\">Ca\u0142kiem nie\u017ale<\/option>\n\t\t\t\t\t\t<option value=\"1\">Bardzo s\u0142abe<\/option>\n\t\t\t\t\t<\/select><\/div><p class=\"comment-form-comment\"><label for=\"comment\">Twoja opinia&nbsp;<span class=\"required\">*<\/span><\/label><textarea id=\"comment\" name=\"comment\" cols=\"45\" rows=\"8\" required><\/textarea><\/p><p class=\"comment-form-author\"><label for=\"author\">Nazwa&nbsp;<span class=\"required\">*<\/span><\/label><input id=\"author\" name=\"author\" type=\"text\" autocomplete=\"name\" value=\"\" size=\"30\" required \/><\/p>\n<p class=\"comment-form-email\"><label for=\"email\">E-mail&nbsp;<span class=\"required\">*<\/span><\/label><input id=\"email\" name=\"email\" type=\"email\" autocomplete=\"email\" value=\"\" size=\"30\" required \/><\/p>\n<p class=\"comment-form-cookies-consent\"><input id=\"wp-comment-cookies-consent\" name=\"wp-comment-cookies-consent\" type=\"checkbox\" value=\"yes\" \/> <label for=\"wp-comment-cookies-consent\">Zapami\u0119taj moje dane w tej przegl\u0105darce podczas pisania kolejnych komentarzy.<\/label><\/p>\n<p class=\"form-submit\"><input name=\"submit\" type=\"submit\" id=\"submit\" class=\"submit\" value=\"Wy\u015blij\" \/> <input type='hidden' name='comment_post_ID' value='11' id='comment_post_ID' \/>\n<input type='hidden' name='comment_parent' id='comment_parent' value='0' \/>\n<\/p><\/form>\t<\/div><!-- #respond -->\n\t\t\t\t<\/div>\n\t\t<\/div>\n\t\n\t<div class=\"clear\"><\/div>\n<\/div>\n\t\t\t<\/div>\n\t\t\n\t\t\t<\/div>\n\n<\/div>\n\n\t\t\t<\/div>\n\t\t\t<\/div>\n","protected":false},"excerpt":{"rendered":"","protected":false},"author":1,"featured_media":0,"parent":0,"menu_order":0,"comment_status":"closed","ping_status":"closed","template":"","meta":{"neve_meta_sidebar":"","neve_meta_container":"","neve_meta_enable_content_width":"","neve_meta_content_width":0,"neve_meta_title_alignment":"","neve_meta_author_avatar":"","neve_post_elements_order":"","neve_meta_disable_header":"","neve_meta_disable_footer":"","neve_meta_disable_title":"","footnotes":""},"class_list":["post-14","page","type-page","status-publish","hentry"],"_links":{"self":[{"href":"https:\/\/sklep.erot.pl\/index.php?rest_route=\/wp\/v2\/pages\/14","targetHints":{"allow":["GET"]}}],"collection":[{"href":"https:\/\/sklep.erot.pl\/index.php?rest_route=\/wp\/v2\/pages"}],"about":[{"href":"https:\/\/sklep.erot.pl\/index.php?rest_route=\/wp\/v2\/types\/page"}],"author":[{"embeddable":true,"href":"https:\/\/sklep.erot.pl\/index.php?rest_route=\/wp\/v2\/users\/1"}],"replies":[{"embeddable":true,"href":"https:\/\/sklep.erot.pl\/index.php?rest_route=%2Fwp%2Fv2%2Fcomments&post=14"}],"version-history":[{"count":2,"href":"https:\/\/sklep.erot.pl\/index.php?rest_route=\/wp\/v2\/pages\/14\/revisions"}],"predecessor-version":[{"id":20,"href":"https:\/\/sklep.erot.pl\/index.php?rest_route=\/wp\/v2\/pages\/14\/revisions\/20"}],"wp:attachment":[{"href":"https:\/\/sklep.erot.pl\/index.php?rest_route=%2Fwp%2Fv2%2Fmedia&parent=14"}],"curies":[{"name":"wp","href":"https:\/\/api.w.org\/{rel}","templated":true}]}}